{"id":14752,"date":"2016-03-11T16:06:52","date_gmt":"2016-03-11T16:06:52","guid":{"rendered":"http:\/\/localhost\/wp\/simolux\/cart\/"},"modified":"2025-12-14T18:03:08","modified_gmt":"2025-12-14T18:03:08","slug":"cart-2","status":"publish","type":"page","link":"https:\/\/wolle.lv\/?page_id=14752","title":{"rendered":"Iepirkumu grozs"},"content":{"rendered":"<div class=\"woocommerce\"><div class=\"woocommerce-notices-wrapper\"><\/div><div class=\"woocommerce-cart-page row\">\n\t<div class=\"col-xl-8 col-lg-12 col-md-12 col-12\">\n\t\t<form class=\"woocommerce-cart-form\" action=\"https:\/\/wolle.lv\/?page_id=14752\" method=\"post\">\n\t\t\t\t\t\t<table class=\"shop_table shop_table_responsive cart woocommerce-cart-form__contents\" cellspacing=\"0\">\n\t\t\t\t<thead>\n\t\t\t\t\t<tr>\n\t\t\t\t\t\t<th class=\"product-remove\">&nbsp;<\/th>\n\t\t\t\t\t\t<th class=\"product-thumbnail\">&nbsp;<\/th>\n\t\t\t\t\t\t<th class=\"product-name\">Prece<\/th>\n\t\t\t\t\t\t<th class=\"product-price\">Cena<\/th>\n\t\t\t\t\t\t<th class=\"product-quantity\">Daudzums<\/th>\n\t\t\t\t\t\t<th class=\"product-subtotal\">Kop\u0101<\/th>\n\t\t\t\t\t<\/tr>\n\t\t\t\t<\/thead>\n\t\t\t\t<tbody>\n\t\t\t\t\t\t\t\t\t\t\t\t\t\t\t\t\t<tr class=\"woocommerce-cart-form__cart-item cart_item\">\n\n\t\t\t\t\t\t\t\t<td class=\"product-remove\">\n\t\t\t\t\t\t\t\t\t<a href=\"https:\/\/wolle.lv\/?page_id=14752&#038;remove_item=84d2f3b46b8baf9d28b497f803e7f46d&#038;_wpnonce=3afae15eb4\" class=\"remove\" aria-label=\"Remove this item\" data-product_id=\"19479\" data-product_sku=\"1041\">&times;<\/a>\t\t\t\t\t\t\t\t<\/td>\n\t\t\t\t\t\t\t\t<td class=\"product-thumbnail\">\n\t\t\t\t\t\t\t\t<a href=\"https:\/\/wolle.lv\/?product=patalynes-komplektas-140x200-cm-milano-zone-100-medvilnes-satinas-3-dalys-4\"><img fetchpriority=\"high\" decoding=\"async\" width=\"600\" height=\"442\" src=\"https:\/\/wolle.lv\/wp-content\/uploads\/2026\/03\/1041-600x442.jpg\" class=\"attachment-woocommerce_thumbnail size-woocommerce_thumbnail\" alt=\"Patalyn\u0117s komplektas 140\u00d7200 cm Milano Zone \u2013 100 % medviln\u0117s satinas, 3 dalys\" \/><\/a>\t\t\t\t\t\t\t\t<\/td>\n\n\t\t\t\t\t\t\t\t<td class=\"product-name\" data-title=\"Prece\">\n\t\t\t\t\t\t\t\t<a href=\"https:\/\/wolle.lv\/?product=patalynes-komplektas-140x200-cm-milano-zone-100-medvilnes-satinas-3-dalys-4\">Patalyn\u0117s komplektas 140\u00d7200 cm Milano Zone \u2013 100 % medviln\u0117s satinas, 3 dalys<\/a>\t\t\t\t\t\t\t\t<\/td>\n\n\t\t\t\t\t\t\t\t<td class=\"product-price\" data-title=\"Cena\">\n\t\t\t\t\t\t\t\t\t<span class=\"woocommerce-Price-amount amount\"><bdi>11,99&nbsp;<span class=\"woocommerce-Price-currencySymbol\">&euro;<\/span><\/bdi><\/span>\t\t\t\t\t\t\t\t<\/td>\n\n\t\t\t\t\t\t\t\t<td class=\"product-quantity\" data-title=\"Daudzums\">\n\t\t\t\t\t\t\t\t<div class=\"quantity\">\n\t<button type=\"button\" class=\"plus\">+<\/button>\t<label class=\"screen-reader-text\" for=\"quantity_69ec5ed67a246\">Patalyn\u0117s komplektas 140\u00d7200 cm Milano Zone \u2013 100 % medviln\u0117s satinas, 3 dalys daudzums<\/label>\n\t<input\n\t\ttype=\"number\"\n\t\t\t\tid=\"quantity_69ec5ed67a246\"\n\t\tclass=\"input-text qty text\"\n\t\tname=\"cart[84d2f3b46b8baf9d28b497f803e7f46d][qty]\"\n\t\tvalue=\"1\"\n\t\taria-label=\"Product quantity\"\n\t\t\t\tmin=\"0\"\n\t\t\t\t\tmax=\"1\"\n\t\t\t\t\t\t\tstep=\"1\"\n\t\t\tplaceholder=\"\"\n\t\t\tinputmode=\"numeric\"\n\t\t\tautocomplete=\"off\"\n\t\t\t\/>\n\t<button type=\"button\" class=\"minus\">-<\/button><\/div>\n\t\t\t\t\t\t\t\t<\/td>\n\t\t\t\t\t\t\t\t<td class=\"product-subtotal\" data-title=\"Kop\u0101\">\n\t\t\t\t\t\t\t\t\t<span class=\"woocommerce-Price-amount amount\"><bdi>11,99&nbsp;<span class=\"woocommerce-Price-currencySymbol\">&euro;<\/span><\/bdi><\/span>\t\t\t\t\t\t\t\t<\/td>\n\t\t\t\t\t\t\t<\/tr>\n\t\t\t\t\t\t\t\t\t\t\t\t\t\t<tr class=\"woocommerce-cart-form__cart-item cart_item\">\n\n\t\t\t\t\t\t\t\t<td class=\"product-remove\">\n\t\t\t\t\t\t\t\t\t<a href=\"https:\/\/wolle.lv\/?page_id=14752&#038;remove_item=53b6c45e76b70cfd19974fcf77c3592a&#038;_wpnonce=3afae15eb4\" class=\"remove\" aria-label=\"Remove this item\" data-product_id=\"19481\" data-product_sku=\"1561\">&times;<\/a>\t\t\t\t\t\t\t\t<\/td>\n\t\t\t\t\t\t\t\t<td class=\"product-thumbnail\">\n\t\t\t\t\t\t\t\t<a href=\"https:\/\/wolle.lv\/?product=patalynes-komplektas-140x200-cm-milano-zone-100-medvilnes-satinas-3-dalys-6\"><img decoding=\"async\" width=\"600\" height=\"441\" src=\"https:\/\/wolle.lv\/wp-content\/uploads\/2026\/03\/1561-600x441.jpg\" class=\"attachment-woocommerce_thumbnail size-woocommerce_thumbnail\" alt=\"Patalyn\u0117s komplektas 140\u00d7200 cm Milano Zone \u2013 100 % medviln\u0117s satinas, 3 dalys\" \/><\/a>\t\t\t\t\t\t\t\t<\/td>\n\n\t\t\t\t\t\t\t\t<td class=\"product-name\" data-title=\"Prece\">\n\t\t\t\t\t\t\t\t<a href=\"https:\/\/wolle.lv\/?product=patalynes-komplektas-140x200-cm-milano-zone-100-medvilnes-satinas-3-dalys-6\">Patalyn\u0117s komplektas 140\u00d7200 cm Milano Zone \u2013 100 % medviln\u0117s satinas, 3 dalys<\/a>\t\t\t\t\t\t\t\t<\/td>\n\n\t\t\t\t\t\t\t\t<td class=\"product-price\" data-title=\"Cena\">\n\t\t\t\t\t\t\t\t\t<span class=\"woocommerce-Price-amount amount\"><bdi>11,99&nbsp;<span class=\"woocommerce-Price-currencySymbol\">&euro;<\/span><\/bdi><\/span>\t\t\t\t\t\t\t\t<\/td>\n\n\t\t\t\t\t\t\t\t<td class=\"product-quantity\" data-title=\"Daudzums\">\n\t\t\t\t\t\t\t\t<div class=\"quantity\">\n\t<button type=\"button\" class=\"plus\">+<\/button>\t<label class=\"screen-reader-text\" for=\"quantity_69ec5ed67aa9a\">Patalyn\u0117s komplektas 140\u00d7200 cm Milano Zone \u2013 100 % medviln\u0117s satinas, 3 dalys daudzums<\/label>\n\t<input\n\t\ttype=\"number\"\n\t\t\t\tid=\"quantity_69ec5ed67aa9a\"\n\t\tclass=\"input-text qty text\"\n\t\tname=\"cart[53b6c45e76b70cfd19974fcf77c3592a][qty]\"\n\t\tvalue=\"1\"\n\t\taria-label=\"Product quantity\"\n\t\t\t\tmin=\"0\"\n\t\t\t\t\tmax=\"1\"\n\t\t\t\t\t\t\tstep=\"1\"\n\t\t\tplaceholder=\"\"\n\t\t\tinputmode=\"numeric\"\n\t\t\tautocomplete=\"off\"\n\t\t\t\/>\n\t<button type=\"button\" class=\"minus\">-<\/button><\/div>\n\t\t\t\t\t\t\t\t<\/td>\n\t\t\t\t\t\t\t\t<td class=\"product-subtotal\" data-title=\"Kop\u0101\">\n\t\t\t\t\t\t\t\t\t<span class=\"woocommerce-Price-amount amount\"><bdi>11,99&nbsp;<span class=\"woocommerce-Price-currencySymbol\">&euro;<\/span><\/bdi><\/span>\t\t\t\t\t\t\t\t<\/td>\n\t\t\t\t\t\t\t<\/tr>\n\t\t\t\t\t\t\t\t\t\t\t\t\t\t<tr class=\"woocommerce-cart-form__cart-item cart_item\">\n\n\t\t\t\t\t\t\t\t<td class=\"product-remove\">\n\t\t\t\t\t\t\t\t\t<a href=\"https:\/\/wolle.lv\/?page_id=14752&#038;remove_item=6efbed44e61eea6d89186f42d1935c82&#038;_wpnonce=3afae15eb4\" class=\"remove\" aria-label=\"Remove this item\" data-product_id=\"19477\" data-product_sku=\"826\">&times;<\/a>\t\t\t\t\t\t\t\t<\/td>\n\t\t\t\t\t\t\t\t<td class=\"product-thumbnail\">\n\t\t\t\t\t\t\t\t<a href=\"https:\/\/wolle.lv\/?product=patalynes-komplektas-140x200-cm-milano-zone-100-medvilnes-satinas-3-dalys-2\"><img decoding=\"async\" width=\"600\" height=\"446\" src=\"https:\/\/wolle.lv\/wp-content\/uploads\/2026\/03\/826-600x446.jpg\" class=\"attachment-woocommerce_thumbnail size-woocommerce_thumbnail\" alt=\"Patalyn\u0117s komplektas 140\u00d7200 cm Milano Zone \u2013 100 % medviln\u0117s satinas, 3 dalys\" \/><\/a>\t\t\t\t\t\t\t\t<\/td>\n\n\t\t\t\t\t\t\t\t<td class=\"product-name\" data-title=\"Prece\">\n\t\t\t\t\t\t\t\t<a href=\"https:\/\/wolle.lv\/?product=patalynes-komplektas-140x200-cm-milano-zone-100-medvilnes-satinas-3-dalys-2\">Patalyn\u0117s komplektas 140\u00d7200 cm Milano Zone \u2013 100 % medviln\u0117s satinas, 3 dalys<\/a>\t\t\t\t\t\t\t\t<\/td>\n\n\t\t\t\t\t\t\t\t<td class=\"product-price\" data-title=\"Cena\">\n\t\t\t\t\t\t\t\t\t<span class=\"woocommerce-Price-amount amount\"><bdi>11,99&nbsp;<span class=\"woocommerce-Price-currencySymbol\">&euro;<\/span><\/bdi><\/span>\t\t\t\t\t\t\t\t<\/td>\n\n\t\t\t\t\t\t\t\t<td class=\"product-quantity\" data-title=\"Daudzums\">\n\t\t\t\t\t\t\t\t<div class=\"quantity\">\n\t<button type=\"button\" class=\"plus\">+<\/button>\t<label class=\"screen-reader-text\" for=\"quantity_69ec5ed67afb6\">Patalyn\u0117s komplektas 140\u00d7200 cm Milano Zone \u2013 100 % medviln\u0117s satinas, 3 dalys daudzums<\/label>\n\t<input\n\t\ttype=\"number\"\n\t\t\t\tid=\"quantity_69ec5ed67afb6\"\n\t\tclass=\"input-text qty text\"\n\t\tname=\"cart[6efbed44e61eea6d89186f42d1935c82][qty]\"\n\t\tvalue=\"1\"\n\t\taria-label=\"Product quantity\"\n\t\t\t\tmin=\"0\"\n\t\t\t\t\tmax=\"1\"\n\t\t\t\t\t\t\tstep=\"1\"\n\t\t\tplaceholder=\"\"\n\t\t\tinputmode=\"numeric\"\n\t\t\tautocomplete=\"off\"\n\t\t\t\/>\n\t<button type=\"button\" class=\"minus\">-<\/button><\/div>\n\t\t\t\t\t\t\t\t<\/td>\n\t\t\t\t\t\t\t\t<td class=\"product-subtotal\" data-title=\"Kop\u0101\">\n\t\t\t\t\t\t\t\t\t<span class=\"woocommerce-Price-amount amount\"><bdi>11,99&nbsp;<span class=\"woocommerce-Price-currencySymbol\">&euro;<\/span><\/bdi><\/span>\t\t\t\t\t\t\t\t<\/td>\n\t\t\t\t\t\t\t<\/tr>\n\t\t\t\t\t\t\t\t\t\t\t\t\t\t\t\t\t<tr>\n\t\t\t\t\t\t<td colspan=\"6\" class=\"actions\">\n\n\t\t\t\t\t\t\t\t\t\t\t\t\t\t\t<div class=\"coupon\">\n\t\t\t\t\t\t\t\t\t<label for=\"coupon_code\">Kupons:<\/label> <input type=\"text\" name=\"coupon_code\" class=\"input-text\" id=\"coupon_code\" value=\"\" placeholder=\"Kupona kods\" \/> <button type=\"submit\" class=\"button\" name=\"apply_coupon\" value=\"Izmantot kuponu\">Izmantot kuponu<\/button>\n\t\t\t\t\t\t\t\t\t\t\t\t\t\t\t\t\t<\/div>\n\t\t\t\t\t\t\t\n\t\t\t\t\t\t\t<button type=\"submit\" class=\"button\" name=\"update_cart\" value=\"Atjaunin\u0101t grozu\">Atjaunin\u0101t grozu<\/button>\n\n\t\t\t\t\t\t\t\n\t\t\t\t\t\t\t<input type=\"hidden\" id=\"woocommerce-cart-nonce\" name=\"woocommerce-cart-nonce\" value=\"3afae15eb4\" \/><input type=\"hidden\" name=\"_wp_http_referer\" value=\"\/index.php?rest_route=%2Fwp%2Fv2%2Fpages%2F14752\" \/>\t\t\t\t\t\t<\/td>\n\t\t\t\t\t<\/tr>\n\t\t\t\t\t\t\t\t\t<\/tbody>\n\t\t\t<\/table>\n\t\t\t\t\t<\/form>\n\t<\/div>\n\t\t<div class=\"col-xl-4 col-lg-12 col-md-12 col-12\">\n\t\t<div class=\"cart-collaterals\">\n\t\t\t<div class=\"cart_totals \">\n\n\t\n\t<h2>Groza kopsavilkums<\/h2>\n\n\t<table cellspacing=\"0\" class=\"shop_table shop_table_responsive\">\n\n\t\t<tr class=\"cart-subtotal\">\n\t\t\t<th>Summa <\/th>\n\t\t\t<td data-title=\"Summa \"><span class=\"woocommerce-Price-amount amount\"><bdi>35,97&nbsp;<span class=\"woocommerce-Price-currencySymbol\">&euro;<\/span><\/bdi><\/span><\/td>\n\t\t<\/tr>\n\n\t\t\n\t\t\n\t\t\t\n\t\t\t<tr class=\"woocommerce-shipping-totals shipping\">\n\t<th>Shipment<\/th>\n\t<td data-title=\"Shipment\">\n\t\t\t\t\t<ul id=\"shipping_method\" class=\"woocommerce-shipping-methods\">\n\t\t\t\t\t\t\t\t\t<li>\n\t\t\t\t\t\t<input type=\"hidden\" name=\"shipping_method[0]\" data-index=\"0\" id=\"shipping_method_0_montonio_omniva_parcel_machines6\" value=\"montonio_omniva_parcel_machines:6\" class=\"shipping_method\" \/><label for=\"shipping_method_0_montonio_omniva_parcel_machines6\"><span class=\"montonio-shipping-label\">Omniva pakom\u0101ts: <span class=\"woocommerce-Price-amount amount\"><bdi>1,99&nbsp;<span class=\"woocommerce-Price-currencySymbol\">&euro;<\/span><\/bdi><\/span><\/span><img decoding=\"async\" class=\"montonio-shipping-carrier-logo\" id=\"montonio_omniva_parcel_machines:6_logo\" src=\"https:\/\/wolle.lv\/wp-content\/plugins\/montonio-for-woocommerce\/assets\/images\/omniva-rect.svg\" width=\"50\"><\/label>\t\t\t\t\t<\/li>\n\t\t\t\t\t\t\t<\/ul>\n\t\t\t\t\t\t\t<p class=\"woocommerce-shipping-destination\">\n\t\t\t\t\tPieg\u0101des iesp\u0113jas tiks atjaunin\u0101tas nor\u0113\u0137in\u0101\u0161an\u0101s laik\u0101.\t\t\t\t<\/p>\n\t\t\t\t\t\t\n\t\t\n\t\t\t\t\t\t\t\t<\/td>\n<\/tr>\n\n\t\t\t\n\t\t\n\t\t\n\t\t\n\t\t\n\t\t<tr class=\"order-total\">\n\t\t\t<th>Kop\u0101<\/th>\n\t\t\t<td data-title=\"Kop\u0101\"><strong><span class=\"woocommerce-Price-amount amount\"><bdi>37,96&nbsp;<span class=\"woocommerce-Price-currencySymbol\">&euro;<\/span><\/bdi><\/span><\/strong> <\/td>\n\t\t<\/tr>\n\n\t\t\n\t<\/table>\n\n\t<div class=\"wc-proceed-to-checkout\">\n\t\t\n<a href=\"https:\/\/wolle.lv\/?page_id=18\" class=\"checkout-button button alt wc-forward\">\n\tTurpin\u0101t noform\u0113t pirkumu<\/a>\n\t<\/div>\n\n\t\n<\/div>\n\t\t<\/div>\n\t<\/div>\n<\/div>\n<\/div>\n","protected":false},"excerpt":{"rendered":"","protected":false},"author":2,"featured_media":0,"parent":0,"menu_order":0,"comment_status":"closed","ping_status":"closed","template":"","meta":{"footnotes":""},"class_list":["post-14752","page","type-page","status-publish","hentry"],"jetpack_sharing_enabled":true,"_links":{"self":[{"href":"https:\/\/wolle.lv\/index.php?rest_route=\/wp\/v2\/pages\/14752","targetHints":{"allow":["GET"]}}],"collection":[{"href":"https:\/\/wolle.lv\/index.php?rest_route=\/wp\/v2\/pages"}],"about":[{"href":"https:\/\/wolle.lv\/index.php?rest_route=\/wp\/v2\/types\/page"}],"author":[{"embeddable":true,"href":"https:\/\/wolle.lv\/index.php?rest_route=\/wp\/v2\/users\/2"}],"replies":[{"embeddable":true,"href":"https:\/\/wolle.lv\/index.php?rest_route=%2Fwp%2Fv2%2Fcomments&post=14752"}],"version-history":[{"count":1,"href":"https:\/\/wolle.lv\/index.php?rest_route=\/wp\/v2\/pages\/14752\/revisions"}],"predecessor-version":[{"id":16262,"href":"https:\/\/wolle.lv\/index.php?rest_route=\/wp\/v2\/pages\/14752\/revisions\/16262"}],"wp:attachment":[{"href":"https:\/\/wolle.lv\/index.php?rest_route=%2Fwp%2Fv2%2Fmedia&parent=14752"}],"curies":[{"name":"wp","href":"https:\/\/api.w.org\/{rel}","templated":true}]}}